{"id":11,"date":"2023-03-01T12:18:35","date_gmt":"2023-03-01T12:18:35","guid":{"rendered":"https:\/\/www.controlvortices.uma.es\/?page_id=11"},"modified":"2024-07-29T15:22:11","modified_gmt":"2024-07-29T15:22:11","slug":"news","status":"publish","type":"page","link":"https:\/\/www.controlvortices.uma.es\/index.php\/news\/","title":{"rendered":"News"},"content":{"rendered":"\n<hr class=\"wp-block-separator has-text-color has-accent-color has-alpha-channel-opacity has-accent-background-color has-background\"\/>\n\n\n\n<h2 class=\"gb-headline gb-headline-5968fe47 gb-headline-text\"><strong>1st June 2024<\/strong><\/h2>\n\n\n\n<p class=\"has-contrast-color has-text-color\"><strong>Tesis, Canal Sur<\/strong><\/p>\n\n\n\n<p class=\"has-contrast-color has-text-color\">Programa divulgativo cuyo principal objetivo es acercar a la audiencia el trabajo que se realiza desde las universidades andaluzas. En este programa, Paloma y Carlos nos hablan de los v\u00f3rtices de punta de ala y su estudio desde la perspectiva tanto acad\u00e9mica como industrial, present\u00e1ndonos las instalaciones experimentales en el Laboratorio de Aerohidrodin\u00e1mica de la Escuela de Ingenier\u00edas Industriales, en la Universidad de M\u00e1laga.<\/p>\n\n\n\n<p class=\"has-contrast-color has-text-color\">Emitido los s\u00e1bados a las 20:00 en Andaluc\u00eda Televisi\u00f3n.<\/p>\n\n\n\n<p class=\"has-contrast-color has-text-color\"><a href=\"https:\/\/www.canalsur.es\/television\/programas\/tesis\/noticia\/2050229.html\">https:\/\/www.canalsur.es\/television\/programas\/tesis\/noticia\/2050229.html<\/a><\/p>\n\n\n\n<hr class=\"wp-block-separator has-alpha-channel-opacity\"\/>\n\n\n\n<h2 class=\"gb-headline gb-headline-e33a1534 gb-headline-text\"><strong>9th April 2024<\/strong><\/h2>\n\n\n\n<p><strong>Conduzco yo, Canal M\u00e1laga<\/strong><\/p>\n\n\n\n<p>Paloma Guti\u00e9rrez y Carlos del Pino asisten como invitados a \u201cConduzco yo\u201d, programa semanal dedicado al motor emitido en Canal M\u00e1laga Televisi\u00f3n. Durante el programa, discuten con el presentador Carlos Sedano la importancia de la Mec\u00e1nica de Fluidos en el \u00e1mbito de la aviaci\u00f3n y el inter\u00e9s actual que suscitan los v\u00f3rtices de punta de ala, que constituyen un factor cr\u00edtico en la seguridad y frecuencia de las operaciones de despegue.<\/p>\n\n\n\n<p>Programa T10 #23 emitido el martes 9 de abril a las 23:00 horas, en Canal M\u00e1laga Televisi\u00f3n.<\/p>\n\n\n\n<p><a href=\"https:\/\/canalmalaga.es\/conduzco-yo\" data-type=\"URL\" data-id=\"https:\/\/canalmalaga.es\/conduzco-yo\">https:\/\/canalmalaga.es\/conduzco-yo<\/a><\/p>\n\n\n\n<hr class=\"wp-block-separator has-alpha-channel-opacity\"\/>\n\n\n\n<h2 class=\"gb-headline gb-headline-ab4b280e gb-headline-text\"><strong>17th March 2024<\/strong><\/h2>\n\n\n\n<p><strong>Sala de prensa, Universidad de M\u00e1laga<\/strong><\/p>\n\n\n\n<p>Desarrollan una tecnolog\u00eda que reduce el torbellino de aire que genera un avi\u00f3n al alzar el vuelo.<\/p>\n\n\n\n<p><a href=\"https:\/\/www.uma.es\/sala-de-prensa\/noticias\/desarrollan-una-tecnologia-que-reduce-el-torbellino-de-aire-que-genera-un-avion-al-alzar-el-vuelo\/#:~:text=Investigadores%20de%20la%20Universidad%20de,los%2060%20y%2090%20segundos.\">https:\/\/www.uma.es\/sala-de-prensa\/noticias\/desarrollan-una-tecnologia-que-reduce-el-torbellino-de-aire-que-genera-un-avion-al-alzar-el-vuelo\/#:~:text=Investigadores%20de%20la%20Universidad%20de,los%2060%20y%2090%20segundos.<\/a><\/p>\n\n\n\n<p><strong>Ronda Semanal<\/strong><\/p>\n\n\n\n<p>Investigadores andaluces patentan un sistema para acortar el tiempo entre despegues.<\/p>\n\n\n\n<p><a href=\"https:\/\/rondasemanal.es\/andalucia\/1593617\/investigadores-andaluces-patentan-un-sistema-para-acortar-el-tiempo-entre-despegues\/\">https:\/\/rondasemanal.es\/andalucia\/1593617\/investigadores-andaluces-patentan-un-sistema-para-acortar-el-tiempo-entre-despegues\/<\/a><\/p>\n\n\n\n<p><strong>MSN<\/strong><\/p>\n\n\n\n<p>Investigadores espa\u00f1oles patentan un sistema para acortar el tiempo entre despegues.<\/p>\n\n\n\n<p><a href=\"https:\/\/www.msn.com\/es-es\/noticias\/otras\/investigadores-espa%C3%B1oles-patentan-un-sistema-para-acortar-el-tiempo-entre-despegues\/ar-BB1k2dci\">https:\/\/www.msn.com\/es-es\/noticias\/otras\/investigadores-espa%C3%B1oles-patentan-un-sistema-para-acortar-el-tiempo-entre-despegues\/ar-BB1k2dci<\/a><\/p>\n\n\n\n<p><strong>Viva M\u00e1laga<\/strong><\/p>\n\n\n\n<p>Investigadores andaluces patentan un sistema para acortar el tiempo entre despegues.<\/p>\n\n\n\n<p><a href=\"https:\/\/vivamalaga.net\/malaga\/1593617\/investigadores-andaluces-patentan-un-sistema-para-acortar-el-tiempo-entre-despegues\/\">https:\/\/vivamalaga.net\/malaga\/1593617\/investigadores-andaluces-patentan-un-sistema-para-acortar-el-tiempo-entre-despegues\/<\/a><\/p>\n\n\n\n<p><strong>La Vanguardia<\/strong><\/p>\n\n\n\n<p>Investigadores espa\u00f1oles patentan un sistema para acortar el tiempo entre despegues.<\/p>\n\n\n\n<p><a href=\"https:\/\/www.lavanguardia.com\/vida\/20240317\/9567270\/efe-andalucia-19-00h-agenciaslv20240317.html\">https:\/\/www.lavanguardia.com\/vida\/20240317\/9567270\/efe-andalucia-19-00h-agenciaslv20240317.html<\/a><\/p>\n\n\n\n<p><strong>elDiario.es<\/strong><\/p>\n\n\n\n<p>Investigadores espa\u00f1oles patentan un sistema para acortar el tiempo entre despegues.<\/p>\n\n\n\n<p><a href=\"https:\/\/www.eldiario.es\/economia\/investigadores-espanoles-patentan-sistema-acortar-tiempo-despegues_1_11219980.html\">https:\/\/www.eldiario.es\/economia\/investigadores-espanoles-patentan-sistema-acortar-tiempo-despegues_1_11219980.html<\/a><\/p>\n\n\n\n<p><strong>Cr\u00f3nica Balear<\/strong><\/p>\n\n\n\n<p>Investigadores espa\u00f1oles patentan un sistema para acortar el tiempo entre despegues.<\/p>\n\n\n\n<p><a href=\"https:\/\/www.cronicabalear.es\/2024\/investigadores-espanoles-patentan-un-sistema-para-acortar-el-tiempo-entre-despegues\/\">https:\/\/www.cronicabalear.es\/2024\/investigadores-espanoles-patentan-un-sistema-para-acortar-el-tiempo-entre-despegues\/<\/a><\/p>\n\n\n\n<p><strong>Viva C\u00e1diz<\/strong><\/p>\n\n\n\n<p>Investigadores andaluces patentan un sistema para acortar el tiempo entre despegues.<\/p>\n\n\n\n<p><a href=\"https:\/\/vivacadiz.es\/andalucia\/1593617\/investigadores-andaluces-patentan-un-sistema-para-acortar-el-tiempo-entre-despegues\/\">https:\/\/vivacadiz.es\/andalucia\/1593617\/investigadores-andaluces-patentan-un-sistema-para-acortar-el-tiempo-entre-despegues\/<\/a><\/p>\n\n\n\n<p><strong>Infobae<\/strong><\/p>\n\n\n\n<p>Investigadores espa\u00f1oles patentan un sistema para acortar el tiempo entre despegues.<\/p>\n\n\n\n<p><a href=\"https:\/\/www.infobae.com\/espana\/agencias\/2024\/03\/17\/investigadores-espanoles-patentan-un-sistema-para-acortar-el-tiempo-entre-despegues\/\">https:\/\/www.infobae.com\/espana\/agencias\/2024\/03\/17\/investigadores-espanoles-patentan-un-sistema-para-acortar-el-tiempo-entre-despegues\/<\/a><\/p>\n\n\n\n<p><strong>EFE<\/strong><\/p>\n\n\n\n<p>Investigadores espa\u00f1oles patentan un sistema para acortar el tiempo entre despegues.<\/p>\n\n\n\n<figure class=\"wp-block-embed is-type-wp-embed is-provider-efe-noticias wp-block-embed-efe-noticias\"><div class=\"wp-block-embed__wrapper\">\n<blockquote class=\"wp-embedded-content\" data-secret=\"coFOMZaqBG\"><a href=\"https:\/\/efe.com\/andalucia\/2024-03-17\/investigadores-espanoles-patentan-un-sistema-para-acortar-el-tiempo-entre-despegues\/\">Investigadores espa\u00f1oles patentan un sistema para acortar el tiempo entre despegues<\/a><\/blockquote><iframe class=\"wp-embedded-content\" sandbox=\"allow-scripts\" security=\"restricted\" style=\"position: absolute; clip: rect(1px, 1px, 1px, 1px);\" title=\"\u00abInvestigadores espa\u00f1oles patentan un sistema para acortar el tiempo entre despegues\u00bb \u2014 EFE Noticias\" src=\"https:\/\/efe.com\/andalucia\/2024-03-17\/investigadores-espanoles-patentan-un-sistema-para-acortar-el-tiempo-entre-despegues\/embed\/#?secret=8DtV9tl1BD#?secret=coFOMZaqBG\" data-secret=\"coFOMZaqBG\" width=\"600\" height=\"338\" frameborder=\"0\" marginwidth=\"0\" marginheight=\"0\" scrolling=\"no\"><\/iframe>\n<\/div><\/figure>\n\n\n\n<p><strong>ABC<\/strong><\/p>\n\n\n\n<p>Investigadores espa\u00f1oles patentan un sistema para acortar el tiempo entre despegues.<\/p>\n\n\n\n<p><a href=\"https:\/\/www.abc.es\/ciencia\/investigadores-espanoles-patentan-sistema-acortar-tiempo-despegues-20240317101817-vi.html?ref=https%3A%2F%2Fwww.abc.es%2Fciencia%2Finvestigadores-espanoles-patentan-sistema-acortar-tiempo-despegues-20240317101817-vi.html\">https:\/\/www.abc.es\/ciencia\/investigadores-espanoles-patentan-sistema-acortar-tiempo-despegues-20240317101817-vi.html?ref=https%3A%2F%2Fwww.abc.es%2Fciencia%2Finvestigadores-espanoles-patentan-sistema-acortar-tiempo-despegues-20240317101817-vi.html<\/a><\/p>\n\n\n\n<p><strong>M\u00e1laga Hoy<\/strong><\/p>\n\n\n\n<p>Investigadores de la Universidad de M\u00e1laga patentan un sistema para acortar el tiempo entre despegues.<\/p>\n\n\n\n<p><a href=\"https:\/\/www.malagahoy.es\/malaga\/Investigadores-Universidad-Malaga-sistema-despegues_0_1885312328.html\">https:\/\/www.malagahoy.es\/malaga\/Investigadores-Universidad-Malaga-sistema-despegues_0_1885312328.html<\/a><\/p>\n","protected":false},"excerpt":{"rendered":"<p>1st June 2024 Tesis, Canal Sur Programa divulgativo cuyo principal objetivo es acercar a la audiencia el trabajo que se realiza desde las universidades andaluzas. En este programa, Paloma y Carlos nos hablan de los v\u00f3rtices de punta de ala y su estudio desde la perspectiva tanto acad\u00e9mica como industrial, present\u00e1ndonos las instalaciones experimentales en &#8230; <a title=\"News\" class=\"read-more\" href=\"https:\/\/www.controlvortices.uma.es\/index.php\/news\/\" aria-label=\"More on News\">Read more<\/a><\/p>\n","protected":false},"author":1,"featured_media":0,"parent":0,"menu_order":0,"comment_status":"closed","ping_status":"closed","template":"","meta":[],"_links":{"self":[{"href":"https:\/\/www.controlvortices.uma.es\/index.php\/wp-json\/wp\/v2\/pages\/11"}],"collection":[{"href":"https:\/\/www.controlvortices.uma.es\/index.php\/wp-json\/wp\/v2\/pages"}],"about":[{"href":"https:\/\/www.controlvortices.uma.es\/index.php\/wp-json\/wp\/v2\/types\/page"}],"author":[{"embeddable":true,"href":"https:\/\/www.controlvortices.uma.es\/index.php\/wp-json\/wp\/v2\/users\/1"}],"replies":[{"embeddable":true,"href":"https:\/\/www.controlvortices.uma.es\/index.php\/wp-json\/wp\/v2\/comments?post=11"}],"version-history":[{"count":5,"href":"https:\/\/www.controlvortices.uma.es\/index.php\/wp-json\/wp\/v2\/pages\/11\/revisions"}],"predecessor-version":[{"id":240,"href":"https:\/\/www.controlvortices.uma.es\/index.php\/wp-json\/wp\/v2\/pages\/11\/revisions\/240"}],"wp:attachment":[{"href":"https:\/\/www.controlvortices.uma.es\/index.php\/wp-json\/wp\/v2\/media?parent=11"}],"curies":[{"name":"wp","href":"https:\/\/api.w.org\/{rel}","templated":true}]}}